{"id":58,"date":"2025-08-22T20:26:22","date_gmt":"2025-08-22T18:26:22","guid":{"rendered":"https:\/\/insight-hr.org\/?page_id=58"},"modified":"2025-09-14T20:51:20","modified_gmt":"2025-09-14T18:51:20","slug":"angebot-und-dienstleistungen","status":"publish","type":"page","link":"https:\/\/insight-hr.org\/en\/angebot-und-dienstleistungen\/","title":{"rendered":"Services"},"content":{"rendered":"<h2 class=\"wp-block-heading has-text-align-center\">Our solutions tailor-made for your company<\/h2>\n\n\n\n<p class=\"has-text-align-center has-medium-font-size translation-block\" style=\"margin-top:var(--wp--preset--spacing--40);margin-right:var(--wp--preset--spacing--60);margin-bottom:var(--wp--preset--spacing--40);margin-left:var(--wp--preset--spacing--60);padding-right:var(--wp--preset--spacing--70);padding-left:var(--wp--preset--spacing--70)\"><strong>From strategy to implementation: Insight HR supports you in all matters relating to people, culture, and HR<\/strong>. <strong>Our services are modular in structure and can be combined flexibly. Above all, we tailor each offer individually to your company\u2014no standard solutions, but customized solutions for your current situation.<\/strong><\/p>\n\n\n\n<div class=\"wp-block-uagb-container uagb-block-67d848d8 alignfull uagb-is-root-container\"><div class=\"uagb-container-inner-blocks-wrap\">\n<div class=\"wp-block-uagb-container uagb-block-3f909996\">\n<div class=\"wp-block-uagb-image uagb-block-3f0224be wp-block-uagb-image--layout-default wp-block-uagb-image--effect-static wp-block-uagb-image--align-none\"><figure class=\"wp-block-uagb-image__figure\"><a class=\"\" href=\"https:\/\/insight-hr.org\/en\/angebot-und-dienstleistungen\/people-consulting-strategisch-individuell-wirksam\/\" target=\"\" rel=\"noopener\"><img decoding=\"async\" sizes=\"auto, (max-width: 480px) 150px\" src=\"https:\/\/insight-hr.org\/wp-content\/uploads\/2025\/09\/Short-People-Consulting.svg\" alt=\"\" class=\"uag-image-272\" width=\"420\" height=\"300\" title=\"Services People Consulting\" loading=\"lazy\" role=\"img\"\/><\/a><\/figure><\/div>\n<\/div>\n\n\n\n<div class=\"wp-block-uagb-container uagb-block-7632d335\">\n<div class=\"wp-block-uagb-image uagb-block-29887f4a wp-block-uagb-image--layout-default wp-block-uagb-image--effect-static wp-block-uagb-image--align-none\"><figure class=\"wp-block-uagb-image__figure\"><a class=\"\" href=\"https:\/\/insight-hr.org\/en\/angebot-und-dienstleistungen\/leadership-culture-starke-fuehrung-gesunde-kultur\/\" target=\"\" rel=\"noopener\"><img decoding=\"async\" sizes=\"auto, (max-width: 480px) 150px\" src=\"https:\/\/insight-hr.org\/wp-content\/uploads\/2025\/09\/Short-LeadershipCulture.svg\" alt=\"\" class=\"uag-image-260\" width=\"420\" height=\"300\" title=\"Services Leadership&amp;Culture\" loading=\"lazy\" role=\"img\"\/><\/a><\/figure><\/div>\n<\/div>\n\n\n\n<div class=\"wp-block-uagb-container uagb-block-fbeada5f\">\n<div class=\"wp-block-uagb-image uagb-block-088b5440 wp-block-uagb-image--layout-default wp-block-uagb-image--effect-static wp-block-uagb-image--align-none\"><figure class=\"wp-block-uagb-image__figure\"><a class=\"\" href=\"https:\/\/insight-hr.org\/en\/angebot-und-dienstleistungen\/coaching-sparring-wachstum-durch-reflexion-und-austausch\/\" target=\"\" rel=\"noopener\"><img decoding=\"async\" sizes=\"auto, (max-width: 480px) 150px\" src=\"https:\/\/insight-hr.org\/wp-content\/uploads\/2025\/09\/Short-CoachingSparring.svg\" alt=\"\" class=\"uag-image-259\" width=\"420\" height=\"300\" title=\"Services Coaching&amp;Sparring\" loading=\"lazy\" role=\"img\"\/><\/a><\/figure><\/div>\n<\/div>\n\n\n\n<div class=\"wp-block-uagb-container uagb-block-77ce33e7\">\n<div class=\"wp-block-uagb-image uagb-block-02199a26 wp-block-uagb-image--layout-default wp-block-uagb-image--effect-static wp-block-uagb-image--align-none\"><figure class=\"wp-block-uagb-image__figure\"><a class=\"\" href=\"https:\/\/insight-hr.org\/en\/angebot-und-dienstleistungen\/operatives-hr-wir-kuemmern-uns\/\" target=\"\" rel=\"noopener\"><img decoding=\"async\" sizes=\"auto, (max-width: 480px) 150px\" src=\"https:\/\/insight-hr.org\/wp-content\/uploads\/2025\/09\/Short-Operations.svg\" alt=\"\" class=\"uag-image-258\" width=\"420\" height=\"300\" title=\"Services People Operations\" loading=\"lazy\" role=\"img\"\/><\/a><\/figure><\/div>\n<\/div>\n<\/div><\/div>\n\n\n\n<p class=\"has-text-align-center has-medium-font-size\" style=\"margin-top:var(--wp--preset--spacing--60);margin-right:var(--wp--preset--spacing--60);margin-bottom:var(--wp--preset--spacing--60);margin-left:var(--wp--preset--spacing--60);padding-right:var(--wp--preset--spacing--80);padding-left:var(--wp--preset--spacing--80)\"><strong>At Insight HR, there are no off-the-shelf solutions. We work together to develop solutions that are tailored to your company. <\/strong><\/p>\n\n\n\n<div class=\"wp-block-uagb-buttons uagb-buttons__outer-wrap uagb-btn__extralarge-btn uagb-btn-tablet__default-btn uagb-btn-mobile__default-btn uagb-block-195432f3\"><div class=\"uagb-buttons__wrap uagb-buttons-layout-wrap\">\n<div class=\"wp-block-uagb-buttons-child uagb-buttons__outer-wrap uagb-block-32729355 wp-block-button\"><div class=\"uagb-button__wrapper\"><a class=\"uagb-buttons-repeater wp-block-button__link\" aria-label=\"\" href=\"https:\/\/zeeg.me\/melaniereineke\/unverbindliches-erstgesprach-mit-melanie\" rel=\"follow noopener\" target=\"_self\" role=\"button\"><div class=\"uagb-button__link\">Request consultation now<\/div><\/a><\/div><\/div>\n<\/div><\/div>\n\n\n\n<p><\/p>","protected":false},"excerpt":{"rendered":"<p>Unsere L\u00f6sungen ma\u00dfgeschneidert f\u00fcr Ihr Unternehmen Von Strategie bis Umsetzung: Insight HR begleitet Sie in allen Fragen rund um People, [&hellip;]<\/p>","protected":false},"author":1,"featured_media":0,"parent":0,"menu_order":0,"comment_status":"closed","ping_status":"closed","template":"","meta":{"_uag_custom_page_level_css":"","site-sidebar-layout":"default","site-content-layout":"","ast-site-content-layout":"default","site-content-style":"default","site-sidebar-style":"default","ast-global-header-display":"","ast-banner-title-visibility":"","ast-main-header-display":"","ast-hfb-above-header-display":"","ast-hfb-below-header-display":"","ast-hfb-mobile-header-display":"","site-post-title":"disabled","ast-breadcrumbs-content":"","ast-featured-img":"","footer-sml-layout":"","theme-transparent-header-meta":"","adv-header-id-meta":"","stick-header-meta":"","header-above-stick-meta":"","header-main-stick-meta":"","header-below-stick-meta":"","astra-migrate-meta-layouts":"default","ast-page-background-enabled":"default","ast-page-background-meta":{"desktop":{"background-color":"var(--ast-global-color-5)","background-image":"","background-repeat":"repeat","background-position":"center center","background-size":"auto","background-attachment":"scroll","background-type":"","background-media":"","overlay-type":"","overlay-color":"","overlay-opacity":"","overlay-gradient":""},"tablet":{"background-color":"","background-image":"","background-repeat":"repeat","background-position":"center center","background-size":"auto","background-attachment":"scroll","background-type":"","background-media":"","overlay-type":"","overlay-color":"","overlay-opacity":"","overlay-gradient":""},"mobile":{"background-color":"","background-image":"","background-repeat":"repeat","background-position":"center center","background-size":"auto","background-attachment":"scroll","background-type":"","background-media":"","overlay-type":"","overlay-color":"","overlay-opacity":"","overlay-gradient":""}},"ast-content-background-meta":{"desktop":{"background-color":"var(--ast-global-color-4)","background-image":"","background-repeat":"repeat","background-position":"center center","background-size":"auto","background-attachment":"scroll","background-type":"","background-media":"","overlay-type":"","overlay-color":"","overlay-opacity":"","overlay-gradient":""},"tablet":{"background-color":"var(--ast-global-color-4)","background-image":"","background-repeat":"repeat","background-position":"center center","background-size":"auto","background-attachment":"scroll","background-type":"","background-media":"","overlay-type":"","overlay-color":"","overlay-opacity":"","overlay-gradient":""},"mobile":{"background-color":"var(--ast-global-color-4)","background-image":"","background-repeat":"repeat","background-position":"center center","background-size":"auto","background-attachment":"scroll","background-type":"","background-media":"","overlay-type":"","overlay-color":"","overlay-opacity":"","overlay-gradient":""}},"footnotes":""},"class_list":["post-58","page","type-page","status-publish","hentry"],"uagb_featured_image_src":{"full":false,"thumbnail":false,"medium":false,"medium_large":false,"large":false,"1536x1536":false,"2048x2048":false,"trp-custom-language-flag":false},"uagb_author_info":{"display_name":"admin-mhr","author_link":"https:\/\/insight-hr.org\/en\/author\/admin-mhr\/"},"uagb_comment_info":0,"uagb_excerpt":"Unsere L\u00f6sungen ma\u00dfgeschneidert f\u00fcr Ihr Unternehmen Von Strategie bis Umsetzung: Insight HR begleitet Sie in allen Fragen rund um People, [&hellip;]","_links":{"self":[{"href":"https:\/\/insight-hr.org\/en\/wp-json\/wp\/v2\/pages\/58","targetHints":{"allow":["GET"]}}],"collection":[{"href":"https:\/\/insight-hr.org\/en\/wp-json\/wp\/v2\/pages"}],"about":[{"href":"https:\/\/insight-hr.org\/en\/wp-json\/wp\/v2\/types\/page"}],"author":[{"embeddable":true,"href":"https:\/\/insight-hr.org\/en\/wp-json\/wp\/v2\/users\/1"}],"replies":[{"embeddable":true,"href":"https:\/\/insight-hr.org\/en\/wp-json\/wp\/v2\/comments?post=58"}],"version-history":[{"count":10,"href":"https:\/\/insight-hr.org\/en\/wp-json\/wp\/v2\/pages\/58\/revisions"}],"predecessor-version":[{"id":512,"href":"https:\/\/insight-hr.org\/en\/wp-json\/wp\/v2\/pages\/58\/revisions\/512"}],"wp:attachment":[{"href":"https:\/\/insight-hr.org\/en\/wp-json\/wp\/v2\/media?parent=58"}],"curies":[{"name":"wp","href":"https:\/\/api.w.org\/{rel}","templated":true}]}}